{"id":146,"date":"2017-09-10T22:21:10","date_gmt":"2017-09-10T20:21:10","guid":{"rendered":"http:\/\/www.truhlarstvinebesky.cz\/?page_id=146"},"modified":"2018-01-08T22:59:23","modified_gmt":"2018-01-08T21:59:23","slug":"okna","status":"publish","type":"page","link":"https:\/\/www.truhlarstvinebesky.cz\/index.php\/tvorba\/okna\/","title":{"rendered":"Okna"},"content":{"rendered":"<p><img decoding=\"async\" class=\"aligncenter\" src=\"http:\/\/www.truhlarstvinebesky.cz\/wp-content\/uploads\/2017\/09\/IMG_2793-min-e1506795332618.jpg\" alt=\"\" \/><\/p>\n<li style=\"text-align: center;\">\u0161paletov\u00e1 okna<\/li>\n<li style=\"text-align: center;\">povrchov\u00e1 \u00faprava: lakovan\u00e1, mo\u0159en\u00e1, st\u0159\u00edkan\u00e1 barvou, napu\u0161t\u011bn\u00e1 olejem, lazurovan\u00e1<\/li>\n<p>&nbsp;<\/p>\n<h2><div class=\"gmedia_gallery gmediaShortcodeError\" data-gmid=\"15\" data-error=\"phantom: folder missed or module broken\"><\/div><\/h2>\n<h2><\/h2>\n<h2><\/h2>\n<h2><\/h2>\n<h2><\/h2>\n<h2><\/h2>\n<h2><\/h2>\n<p><!-- Global site tag (gtag.js) - Google Analytics --><br \/>\n<script async src=\"https:\/\/www.googletagmanager.com\/gtag\/js?id=UA-112158187-1\"><\/script><br \/>\n<script>\n  window.dataLayer = window.dataLayer || [];\n  function gtag(){dataLayer.push(arguments);}\n  gtag('js', new Date());<\/p>\n<p>  gtag('config', 'UA-112158187-1');\n<\/script><\/p>\n","protected":false},"excerpt":{"rendered":"<p>\u0161paletov\u00e1 okna povrchov\u00e1 \u00faprava: lakovan\u00e1, mo\u0159en\u00e1, st\u0159\u00edkan\u00e1 barvou, napu\u0161t\u011bn\u00e1 olejem, lazurovan\u00e1 &nbsp;<\/p>\n","protected":false},"author":1,"featured_media":0,"parent":36,"menu_order":0,"comment_status":"closed","ping_status":"closed","template":"template-fullwidth-no-title.php","meta":{"_monsterinsights_skip_tracking":false,"_monsterinsights_sitenote_active":false,"_monsterinsights_sitenote_note":"","_monsterinsights_sitenote_category":0,"footnotes":""},"class_list":["post-146","page","type-page","status-publish","hentry"],"yoast_head":"<!-- This site is optimized with the Yoast SEO plugin v23.4 - https:\/\/yoast.com\/wordpress\/plugins\/seo\/ -->\n<title>Okna - TRUHL\u00c1\u0158STV\u00cd NEBESK\u00dd<\/title>\n<meta name=\"robots\" content=\"index, follow, max-snippet:-1, max-image-preview:large, max-video-preview:-1\" \/>\n<link rel=\"canonical\" href=\"https:\/\/www.truhlarstvinebesky.cz\/index.php\/tvorba\/okna\/\" \/>\n<meta property=\"og:locale\" content=\"cs_CZ\" \/>\n<meta property=\"og:type\" content=\"article\" \/>\n<meta property=\"og:title\" content=\"Okna - TRUHL\u00c1\u0158STV\u00cd NEBESK\u00dd\" \/>\n<meta property=\"og:description\" content=\"\u0161paletov\u00e1 okna povrchov\u00e1 \u00faprava: lakovan\u00e1, mo\u0159en\u00e1, st\u0159\u00edkan\u00e1 barvou, napu\u0161t\u011bn\u00e1 olejem, lazurovan\u00e1 &nbsp;\" \/>\n<meta property=\"og:url\" content=\"https:\/\/www.truhlarstvinebesky.cz\/index.php\/tvorba\/okna\/\" \/>\n<meta property=\"og:site_name\" content=\"TRUHL\u00c1\u0158STV\u00cd NEBESK\u00dd\" \/>\n<meta property=\"article:modified_time\" content=\"2018-01-08T21:59:23+00:00\" \/>\n<meta property=\"og:image\" content=\"http:\/\/www.truhlarstvinebesky.cz\/wp-content\/uploads\/2017\/09\/IMG_2793-min-e1506795332618.jpg\" \/>\n<meta name=\"twitter:card\" content=\"summary_large_image\" \/>\n<script type=\"application\/ld+json\" class=\"yoast-schema-graph\">{\"@context\":\"https:\/\/schema.org\",\"@graph\":[{\"@type\":\"WebPage\",\"@id\":\"https:\/\/www.truhlarstvinebesky.cz\/index.php\/tvorba\/okna\/\",\"url\":\"https:\/\/www.truhlarstvinebesky.cz\/index.php\/tvorba\/okna\/\",\"name\":\"Okna - TRUHL\u00c1\u0158STV\u00cd NEBESK\u00dd\",\"isPartOf\":{\"@id\":\"https:\/\/www.truhlarstvinebesky.cz\/#website\"},\"primaryImageOfPage\":{\"@id\":\"https:\/\/www.truhlarstvinebesky.cz\/index.php\/tvorba\/okna\/#primaryimage\"},\"image\":{\"@id\":\"https:\/\/www.truhlarstvinebesky.cz\/index.php\/tvorba\/okna\/#primaryimage\"},\"thumbnailUrl\":\"http:\/\/www.truhlarstvinebesky.cz\/wp-content\/uploads\/2017\/09\/IMG_2793-min-e1506795332618.jpg\",\"datePublished\":\"2017-09-10T20:21:10+00:00\",\"dateModified\":\"2018-01-08T21:59:23+00:00\",\"breadcrumb\":{\"@id\":\"https:\/\/www.truhlarstvinebesky.cz\/index.php\/tvorba\/okna\/#breadcrumb\"},\"inLanguage\":\"cs\",\"potentialAction\":[{\"@type\":\"ReadAction\",\"target\":[\"https:\/\/www.truhlarstvinebesky.cz\/index.php\/tvorba\/okna\/\"]}]},{\"@type\":\"ImageObject\",\"inLanguage\":\"cs\",\"@id\":\"https:\/\/www.truhlarstvinebesky.cz\/index.php\/tvorba\/okna\/#primaryimage\",\"url\":\"https:\/\/www.truhlarstvinebesky.cz\/wp-content\/uploads\/2017\/09\/IMG_2793-min-e1506795332618.jpg\",\"contentUrl\":\"https:\/\/www.truhlarstvinebesky.cz\/wp-content\/uploads\/2017\/09\/IMG_2793-min-e1506795332618.jpg\",\"width\":281,\"height\":374},{\"@type\":\"BreadcrumbList\",\"@id\":\"https:\/\/www.truhlarstvinebesky.cz\/index.php\/tvorba\/okna\/#breadcrumb\",\"itemListElement\":[{\"@type\":\"ListItem\",\"position\":1,\"name\":\"Dom\u016f\",\"item\":\"https:\/\/www.truhlarstvinebesky.cz\/\"},{\"@type\":\"ListItem\",\"position\":2,\"name\":\"Tvorba\",\"item\":\"https:\/\/www.truhlarstvinebesky.cz\/index.php\/tvorba\/\"},{\"@type\":\"ListItem\",\"position\":3,\"name\":\"Okna\"}]},{\"@type\":\"WebSite\",\"@id\":\"https:\/\/www.truhlarstvinebesky.cz\/#website\",\"url\":\"https:\/\/www.truhlarstvinebesky.cz\/\",\"name\":\"TRUHL\u00c1\u0158STV\u00cd NEBESK\u00dd\",\"description\":\"Kvalitn\u00ed n\u00e1bytek na m\u00edru\",\"potentialAction\":[{\"@type\":\"SearchAction\",\"target\":{\"@type\":\"EntryPoint\",\"urlTemplate\":\"https:\/\/www.truhlarstvinebesky.cz\/?s={search_term_string}\"},\"query-input\":{\"@type\":\"PropertyValueSpecification\",\"valueRequired\":true,\"valueName\":\"search_term_string\"}}],\"inLanguage\":\"cs\"}]}<\/script>\n<!-- \/ Yoast SEO plugin. -->","yoast_head_json":{"title":"Okna - TRUHL\u00c1\u0158STV\u00cd NEBESK\u00dd","robots":{"index":"index","follow":"follow","max-snippet":"max-snippet:-1","max-image-preview":"max-image-preview:large","max-video-preview":"max-video-preview:-1"},"canonical":"https:\/\/www.truhlarstvinebesky.cz\/index.php\/tvorba\/okna\/","og_locale":"cs_CZ","og_type":"article","og_title":"Okna - TRUHL\u00c1\u0158STV\u00cd NEBESK\u00dd","og_description":"\u0161paletov\u00e1 okna povrchov\u00e1 \u00faprava: lakovan\u00e1, mo\u0159en\u00e1, st\u0159\u00edkan\u00e1 barvou, napu\u0161t\u011bn\u00e1 olejem, lazurovan\u00e1 &nbsp;","og_url":"https:\/\/www.truhlarstvinebesky.cz\/index.php\/tvorba\/okna\/","og_site_name":"TRUHL\u00c1\u0158STV\u00cd NEBESK\u00dd","article_modified_time":"2018-01-08T21:59:23+00:00","og_image":[{"url":"http:\/\/www.truhlarstvinebesky.cz\/wp-content\/uploads\/2017\/09\/IMG_2793-min-e1506795332618.jpg"}],"twitter_card":"summary_large_image","schema":{"@context":"https:\/\/schema.org","@graph":[{"@type":"WebPage","@id":"https:\/\/www.truhlarstvinebesky.cz\/index.php\/tvorba\/okna\/","url":"https:\/\/www.truhlarstvinebesky.cz\/index.php\/tvorba\/okna\/","name":"Okna - TRUHL\u00c1\u0158STV\u00cd NEBESK\u00dd","isPartOf":{"@id":"https:\/\/www.truhlarstvinebesky.cz\/#website"},"primaryImageOfPage":{"@id":"https:\/\/www.truhlarstvinebesky.cz\/index.php\/tvorba\/okna\/#primaryimage"},"image":{"@id":"https:\/\/www.truhlarstvinebesky.cz\/index.php\/tvorba\/okna\/#primaryimage"},"thumbnailUrl":"http:\/\/www.truhlarstvinebesky.cz\/wp-content\/uploads\/2017\/09\/IMG_2793-min-e1506795332618.jpg","datePublished":"2017-09-10T20:21:10+00:00","dateModified":"2018-01-08T21:59:23+00:00","breadcrumb":{"@id":"https:\/\/www.truhlarstvinebesky.cz\/index.php\/tvorba\/okna\/#breadcrumb"},"inLanguage":"cs","potentialAction":[{"@type":"ReadAction","target":["https:\/\/www.truhlarstvinebesky.cz\/index.php\/tvorba\/okna\/"]}]},{"@type":"ImageObject","inLanguage":"cs","@id":"https:\/\/www.truhlarstvinebesky.cz\/index.php\/tvorba\/okna\/#primaryimage","url":"https:\/\/www.truhlarstvinebesky.cz\/wp-content\/uploads\/2017\/09\/IMG_2793-min-e1506795332618.jpg","contentUrl":"https:\/\/www.truhlarstvinebesky.cz\/wp-content\/uploads\/2017\/09\/IMG_2793-min-e1506795332618.jpg","width":281,"height":374},{"@type":"BreadcrumbList","@id":"https:\/\/www.truhlarstvinebesky.cz\/index.php\/tvorba\/okna\/#breadcrumb","itemListElement":[{"@type":"ListItem","position":1,"name":"Dom\u016f","item":"https:\/\/www.truhlarstvinebesky.cz\/"},{"@type":"ListItem","position":2,"name":"Tvorba","item":"https:\/\/www.truhlarstvinebesky.cz\/index.php\/tvorba\/"},{"@type":"ListItem","position":3,"name":"Okna"}]},{"@type":"WebSite","@id":"https:\/\/www.truhlarstvinebesky.cz\/#website","url":"https:\/\/www.truhlarstvinebesky.cz\/","name":"TRUHL\u00c1\u0158STV\u00cd NEBESK\u00dd","description":"Kvalitn\u00ed n\u00e1bytek na m\u00edru","potentialAction":[{"@type":"SearchAction","target":{"@type":"EntryPoint","urlTemplate":"https:\/\/www.truhlarstvinebesky.cz\/?s={search_term_string}"},"query-input":{"@type":"PropertyValueSpecification","valueRequired":true,"valueName":"search_term_string"}}],"inLanguage":"cs"}]}},"_links":{"self":[{"href":"https:\/\/www.truhlarstvinebesky.cz\/index.php\/wp-json\/wp\/v2\/pages\/146","targetHints":{"allow":["GET"]}}],"collection":[{"href":"https:\/\/www.truhlarstvinebesky.cz\/index.php\/wp-json\/wp\/v2\/pages"}],"about":[{"href":"https:\/\/www.truhlarstvinebesky.cz\/index.php\/wp-json\/wp\/v2\/types\/page"}],"author":[{"embeddable":true,"href":"https:\/\/www.truhlarstvinebesky.cz\/index.php\/wp-json\/wp\/v2\/users\/1"}],"replies":[{"embeddable":true,"href":"https:\/\/www.truhlarstvinebesky.cz\/index.php\/wp-json\/wp\/v2\/comments?post=146"}],"version-history":[{"count":13,"href":"https:\/\/www.truhlarstvinebesky.cz\/index.php\/wp-json\/wp\/v2\/pages\/146\/revisions"}],"predecessor-version":[{"id":1113,"href":"https:\/\/www.truhlarstvinebesky.cz\/index.php\/wp-json\/wp\/v2\/pages\/146\/revisions\/1113"}],"up":[{"embeddable":true,"href":"https:\/\/www.truhlarstvinebesky.cz\/index.php\/wp-json\/wp\/v2\/pages\/36"}],"wp:attachment":[{"href":"https:\/\/www.truhlarstvinebesky.cz\/index.php\/wp-json\/wp\/v2\/media?parent=146"}],"curies":[{"name":"wp","href":"https:\/\/api.w.org\/{rel}","templated":true}]}}